{"id":1059,"date":"2025-06-23T11:58:31","date_gmt":"2025-06-23T11:58:31","guid":{"rendered":"https:\/\/fotballprogresjon.no\/?page_id=1059"},"modified":"2026-03-27T11:44:34","modified_gmt":"2026-03-27T11:44:34","slug":"prisliste-eventer-norge","status":"publish","type":"page","link":"https:\/\/fotballprogresjon.no\/en\/prisliste-eventer-norge\/","title":{"rendered":"Event Pricing \u2013 Norway"},"content":{"rendered":"<p>[et_pb_section fb_built=&raquo;1&#8243; _builder_version=&raquo;4.27.4&#8243; _module_preset=&raquo;default&raquo; global_colors_info=&raquo;{}&raquo;][et_pb_row _builder_version=&raquo;4.27.4&#8243; _module_preset=&raquo;default&raquo; global_colors_info=&raquo;{}&raquo;][et_pb_column type=&raquo;4_4&#8243; _builder_version=&raquo;4.27.4&#8243; _module_preset=&raquo;default&raquo; global_colors_info=&raquo;{}&raquo;][et_pb_text _builder_version=&raquo;4.27.4&#8243; _module_preset=&raquo;default&raquo; global_colors_info=&raquo;{}&raquo;]<\/p>\n<h1><span><strong>Prisliste eventer Norge<\/strong><\/span><\/h1>\n<p>[\/et_pb_text][et_pb_text _builder_version=&raquo;4.27.6&#8243; _module_preset=&raquo;default&raquo; hover_enabled=&raquo;0&#8243; global_colors_info=&raquo;{}&raquo; sticky_enabled=&raquo;0&#8243;]<\/p>\n<p>&nbsp;<\/p>\n<ul>\n<li><span>1 dag: NOK 945<\/span><\/li>\n<li><span>Dagscamp: NOK 945<\/span><\/li>\n<li><span>Fotballskole: NOK 2545<\/span><\/li>\n<li><span>4 dager: NOK 2545<\/span><\/li>\n<\/ul>\n<p><span><strong>Avbestilling Fotballskole<\/strong><br \/>Vi forst\u00e5r at uforutsette hendelser kan oppst\u00e5. For \u00e5 sikre god planlegging og rettferdighet for b\u00e5de deltakere og arrang\u00f8rer, gjelder f\u00f8lgende retningslinjer ved avmelding:<\/span><\/p>\n<p><span><\/span><\/p>\n<p><span><strong>Skriftlig beskjed<\/strong><br \/>Forfall m\u00e5 meldes skriftlig via e-post til arrang\u00f8ren. Dette sikrer en ryddig prosess og gir oss mulighet til \u00e5 tilpasse bemanning og innhold ved behov.<\/span><\/p>\n<p><span><\/span><\/p>\n<p><span><strong>Avmeldingsfrist<\/strong><br \/>For \u00e5 unng\u00e5 gebyr m\u00e5 forfall meldes senest \u00e9n uke f\u00f8r fotballskolen starter. Dette gir oss tid til \u00e5 tilby plassen videre og gj\u00f8re n\u00f8dvendige justeringer.<\/span><\/p>\n<p><span><\/span><\/p>\n<p><span><strong>Ved avmelding etter fristen<\/strong><br \/>Ved avmelding senere enn \u00e9n uke f\u00f8r oppstart, forbeholder vi oss retten til \u00e5: \u2013 enten beholde inntil 50 % av deltakeravgiften, eller \u2013 beholde hele deltakeravgiften og tilby plass p\u00e5 et tilsvarende arrangement ved en senere anledning.<\/span><\/p>\n<p><span><\/span><\/p>\n<p><span><strong>Ved sykdom eller skade<\/strong><br \/>Ved dokumentert sykdom eller skade vurderes forfallet individuelt. Vi forbeholder oss da retten til \u00e5: \u2013 enten beholde inntil 25 % av deltakeravgiften for \u00e5 dekke p\u00e5l\u00f8pte kostnader, eller \u2013 beholde avgiften i sin helhet og tilby plass p\u00e5 et fremtidig arrangement. Vi ber om at slik dokumentasjon sendes s\u00e5 tidlig som mulig, slik at vi kan behandle foresp\u00f8rselen p\u00e5 en smidig m\u00e5te.<\/span><\/p>\n<p>[\/et_pb_text][\/et_pb_column][\/et_pb_row][\/et_pb_section]<\/p>\n","protected":false},"excerpt":{"rendered":"<p>Prisliste eventer Norge&nbsp; 1 dag: NOK 945 Dagscamp: NOK 945 Fotballskole: NOK 2545 4 dager: NOK 2545 Avbestilling FotballskoleVi forst\u00e5r at uforutsette hendelser kan oppst\u00e5. For \u00e5 sikre god planlegging [&hellip;]<\/p>\n","protected":false},"author":1,"featured_media":0,"parent":0,"menu_order":0,"comment_status":"closed","ping_status":"closed","template":"","meta":{"_et_pb_use_builder":"on","_et_pb_old_content":"","_et_gb_content_width":"","footnotes":""},"class_list":["post-1059","page","type-page","status-publish","hentry"],"yoast_head":"<!-- This site is optimized with the Yoast SEO plugin v27.3 - https:\/\/yoast.com\/product\/yoast-seo-wordpress\/ -->\n<title>Prisliste eventer Norge - Fotballprogresjon Norge<\/title>\n<meta name=\"robots\" content=\"index, follow, max-snippet:-1, max-image-preview:large, max-video-preview:-1\" \/>\n<link rel=\"canonical\" href=\"https:\/\/fotballprogresjon.no\/en\/prisliste-eventer-norge\/\" \/>\n<meta property=\"og:locale\" content=\"en_GB\" \/>\n<meta property=\"og:type\" content=\"article\" \/>\n<meta property=\"og:title\" content=\"Prisliste eventer Norge - Fotballprogresjon Norge\" \/>\n<meta property=\"og:description\" content=\"Prisliste eventer Norge&nbsp; 1 dag: NOK 945 Dagscamp: NOK 945 Fotballskole: NOK 2545 4 dager: NOK 2545 Avbestilling FotballskoleVi forst\u00e5r at uforutsette hendelser kan oppst\u00e5. For \u00e5 sikre god planlegging [&hellip;]\" \/>\n<meta property=\"og:url\" content=\"https:\/\/fotballprogresjon.no\/en\/prisliste-eventer-norge\/\" \/>\n<meta property=\"og:site_name\" content=\"Fotballprogresjon Norge\" \/>\n<meta property=\"article:modified_time\" content=\"2026-03-27T11:44:34+00:00\" \/>\n<meta name=\"twitter:card\" content=\"summary_large_image\" \/>\n<script type=\"application\/ld+json\" class=\"yoast-schema-graph\">{\"@context\":\"https:\\\/\\\/schema.org\",\"@graph\":[{\"@type\":\"WebPage\",\"@id\":\"https:\\\/\\\/fotballprogresjon.no\\\/prisliste-eventer-norge\\\/\",\"url\":\"https:\\\/\\\/fotballprogresjon.no\\\/prisliste-eventer-norge\\\/\",\"name\":\"Prisliste eventer Norge - Fotballprogresjon Norge\",\"isPartOf\":{\"@id\":\"https:\\\/\\\/fotballprogresjon.no\\\/#website\"},\"datePublished\":\"2025-06-23T11:58:31+00:00\",\"dateModified\":\"2026-03-27T11:44:34+00:00\",\"breadcrumb\":{\"@id\":\"https:\\\/\\\/fotballprogresjon.no\\\/prisliste-eventer-norge\\\/#breadcrumb\"},\"inLanguage\":\"en-GB\",\"potentialAction\":[{\"@type\":\"ReadAction\",\"target\":[\"https:\\\/\\\/fotballprogresjon.no\\\/prisliste-eventer-norge\\\/\"]}]},{\"@type\":\"BreadcrumbList\",\"@id\":\"https:\\\/\\\/fotballprogresjon.no\\\/prisliste-eventer-norge\\\/#breadcrumb\",\"itemListElement\":[{\"@type\":\"ListItem\",\"position\":1,\"name\":\"Home\",\"item\":\"https:\\\/\\\/fotballprogresjon.no\\\/\"},{\"@type\":\"ListItem\",\"position\":2,\"name\":\"Prisliste eventer Norge\"}]},{\"@type\":\"WebSite\",\"@id\":\"https:\\\/\\\/fotballprogresjon.no\\\/#website\",\"url\":\"https:\\\/\\\/fotballprogresjon.no\\\/\",\"name\":\"Fotballprogresjon Norge\",\"description\":\"Vi utvikler fremtidens fotballspillere\",\"publisher\":{\"@id\":\"https:\\\/\\\/fotballprogresjon.no\\\/#organization\"},\"potentialAction\":[{\"@type\":\"SearchAction\",\"target\":{\"@type\":\"EntryPoint\",\"urlTemplate\":\"https:\\\/\\\/fotballprogresjon.no\\\/?s={search_term_string}\"},\"query-input\":{\"@type\":\"PropertyValueSpecification\",\"valueRequired\":true,\"valueName\":\"search_term_string\"}}],\"inLanguage\":\"en-GB\"},{\"@type\":\"Organization\",\"@id\":\"https:\\\/\\\/fotballprogresjon.no\\\/#organization\",\"name\":\"Fotballprogresjon Norge\",\"url\":\"https:\\\/\\\/fotballprogresjon.no\\\/\",\"logo\":{\"@type\":\"ImageObject\",\"inLanguage\":\"en-GB\",\"@id\":\"https:\\\/\\\/fotballprogresjon.no\\\/#\\\/schema\\\/logo\\\/image\\\/\",\"url\":\"https:\\\/\\\/fotballprogresjon.no\\\/wp-content\\\/uploads\\\/2026\\\/04\\\/fpn-logo.png\",\"contentUrl\":\"https:\\\/\\\/fotballprogresjon.no\\\/wp-content\\\/uploads\\\/2026\\\/04\\\/fpn-logo.png\",\"width\":400,\"height\":400,\"caption\":\"Fotballprogresjon Norge\"},\"image\":{\"@id\":\"https:\\\/\\\/fotballprogresjon.no\\\/#\\\/schema\\\/logo\\\/image\\\/\"}}]}<\/script>\n<!-- \/ Yoast SEO plugin. -->","yoast_head_json":{"title":"Prisliste eventer Norge - Fotballprogresjon Norge","robots":{"index":"index","follow":"follow","max-snippet":"max-snippet:-1","max-image-preview":"max-image-preview:large","max-video-preview":"max-video-preview:-1"},"canonical":"https:\/\/fotballprogresjon.no\/en\/prisliste-eventer-norge\/","og_locale":"en_GB","og_type":"article","og_title":"Prisliste eventer Norge - Fotballprogresjon Norge","og_description":"Prisliste eventer Norge&nbsp; 1 dag: NOK 945 Dagscamp: NOK 945 Fotballskole: NOK 2545 4 dager: NOK 2545 Avbestilling FotballskoleVi forst\u00e5r at uforutsette hendelser kan oppst\u00e5. For \u00e5 sikre god planlegging [&hellip;]","og_url":"https:\/\/fotballprogresjon.no\/en\/prisliste-eventer-norge\/","og_site_name":"Fotballprogresjon Norge","article_modified_time":"2026-03-27T11:44:34+00:00","twitter_card":"summary_large_image","schema":{"@context":"https:\/\/schema.org","@graph":[{"@type":"WebPage","@id":"https:\/\/fotballprogresjon.no\/prisliste-eventer-norge\/","url":"https:\/\/fotballprogresjon.no\/prisliste-eventer-norge\/","name":"Prisliste eventer Norge - Fotballprogresjon Norge","isPartOf":{"@id":"https:\/\/fotballprogresjon.no\/#website"},"datePublished":"2025-06-23T11:58:31+00:00","dateModified":"2026-03-27T11:44:34+00:00","breadcrumb":{"@id":"https:\/\/fotballprogresjon.no\/prisliste-eventer-norge\/#breadcrumb"},"inLanguage":"en-GB","potentialAction":[{"@type":"ReadAction","target":["https:\/\/fotballprogresjon.no\/prisliste-eventer-norge\/"]}]},{"@type":"BreadcrumbList","@id":"https:\/\/fotballprogresjon.no\/prisliste-eventer-norge\/#breadcrumb","itemListElement":[{"@type":"ListItem","position":1,"name":"Home","item":"https:\/\/fotballprogresjon.no\/"},{"@type":"ListItem","position":2,"name":"Prisliste eventer Norge"}]},{"@type":"WebSite","@id":"https:\/\/fotballprogresjon.no\/#website","url":"https:\/\/fotballprogresjon.no\/","name":"Fotballprogresjon Norge","description":"We Develop the Footballers of Tomorrow","publisher":{"@id":"https:\/\/fotballprogresjon.no\/#organization"},"potentialAction":[{"@type":"SearchAction","target":{"@type":"EntryPoint","urlTemplate":"https:\/\/fotballprogresjon.no\/?s={search_term_string}"},"query-input":{"@type":"PropertyValueSpecification","valueRequired":true,"valueName":"search_term_string"}}],"inLanguage":"en-GB"},{"@type":"Organization","@id":"https:\/\/fotballprogresjon.no\/#organization","name":"Fotballprogresjon Norge","url":"https:\/\/fotballprogresjon.no\/","logo":{"@type":"ImageObject","inLanguage":"en-GB","@id":"https:\/\/fotballprogresjon.no\/#\/schema\/logo\/image\/","url":"https:\/\/fotballprogresjon.no\/wp-content\/uploads\/2026\/04\/fpn-logo.png","contentUrl":"https:\/\/fotballprogresjon.no\/wp-content\/uploads\/2026\/04\/fpn-logo.png","width":400,"height":400,"caption":"Fotballprogresjon Norge"},"image":{"@id":"https:\/\/fotballprogresjon.no\/#\/schema\/logo\/image\/"}}]}},"_links":{"self":[{"href":"https:\/\/fotballprogresjon.no\/en\/wp-json\/wp\/v2\/pages\/1059","targetHints":{"allow":["GET"]}}],"collection":[{"href":"https:\/\/fotballprogresjon.no\/en\/wp-json\/wp\/v2\/pages"}],"about":[{"href":"https:\/\/fotballprogresjon.no\/en\/wp-json\/wp\/v2\/types\/page"}],"author":[{"embeddable":true,"href":"https:\/\/fotballprogresjon.no\/en\/wp-json\/wp\/v2\/users\/1"}],"replies":[{"embeddable":true,"href":"https:\/\/fotballprogresjon.no\/en\/wp-json\/wp\/v2\/comments?post=1059"}],"version-history":[{"count":4,"href":"https:\/\/fotballprogresjon.no\/en\/wp-json\/wp\/v2\/pages\/1059\/revisions"}],"predecessor-version":[{"id":1423,"href":"https:\/\/fotballprogresjon.no\/en\/wp-json\/wp\/v2\/pages\/1059\/revisions\/1423"}],"wp:attachment":[{"href":"https:\/\/fotballprogresjon.no\/en\/wp-json\/wp\/v2\/media?parent=1059"}],"curies":[{"name":"wp","href":"https:\/\/api.w.org\/{rel}","templated":true}]}}