{"id":540,"date":"2025-04-24T11:45:51","date_gmt":"2025-04-24T11:45:51","guid":{"rendered":"https:\/\/fotballprogresjon.no\/?page_id=540"},"modified":"2025-05-12T07:03:40","modified_gmt":"2025-05-12T07:03:40","slug":"utviklingsdag","status":"publish","type":"page","link":"https:\/\/fotballprogresjon.no\/en\/utviklingsdag\/","title":{"rendered":"Development Day"},"content":{"rendered":"<p>[et_pb_section fb_built=&raquo;1&#8243; admin_label=&raquo;Listings&raquo; _builder_version=&raquo;4.27.4&#8243; _module_preset=&raquo;default&raquo; background_color=&raquo;#FFFFFF&raquo; custom_margin=&raquo;||||false|false&raquo; global_colors_info=&raquo;{}&raquo;][et_pb_row column_structure=&raquo;2_3,1_3&#8243; _builder_version=&raquo;4.27.4&#8243; _module_preset=&raquo;default&raquo; width=&raquo;90%&raquo; max_width=&raquo;1500px&raquo; global_colors_info=&raquo;{}&raquo;][et_pb_column type=&raquo;2_3&#8243; _builder_version=&raquo;4.27.4&#8243; _module_preset=&raquo;default&raquo; global_colors_info=&raquo;{}&raquo;][et_pb_heading title=&raquo;For deg som \u00f8nsker kvalitet!&raquo; _builder_version=&raquo;4.27.4&#8243; _module_preset=&raquo;aec13ae2-1963-4245-b3da-f109482ea844&#8243; title_font=&raquo;&#8211;et_global_body_font|700||on|||||&raquo; title_text_color=&raquo;#9e0b0f&raquo; title_font_size=&raquo;16px&raquo; title_letter_spacing=&raquo;2px&raquo; title_font_tablet=&raquo;Figtree|700|||||||&raquo; title_font_phone=&raquo;Figtree|700|||||||&raquo; title_font_last_edited=&raquo;on|phone&raquo; title_font_size_phone=&raquo;36px&raquo; global_colors_info=&raquo;{}&raquo;][\/et_pb_heading][et_pb_heading title=&raquo;NextLevel utviklingsdag 7-14 \u00e5r&raquo; _builder_version=&raquo;4.27.4&#8243; _module_preset=&raquo;aec13ae2-1963-4245-b3da-f109482ea844&#8243; title_font=&raquo;DM Sans|700|||||||&raquo; title_text_color=&raquo;#003954&#8243; title_font_size=&raquo;52px&raquo; title_font_tablet=&raquo;Figtree|700|||||||&raquo; title_font_phone=&raquo;Figtree|700|||||||&raquo; title_font_last_edited=&raquo;on|phone&raquo; title_font_size_phone=&raquo;36px&raquo; global_colors_info=&raquo;{}&raquo;][\/et_pb_heading][et_pb_text _builder_version=&raquo;4.27.4&#8243; _module_preset=&raquo;default&raquo; text_text_color=&raquo;#000000&#8243; text_line_height=&raquo;1.6em&raquo; global_colors_info=&raquo;{}&raquo;]<\/p>\n<div class=\"icon-box featured-box icon-box-left text-left\">\n<div class=\"icon-box-text last-reset\">\n<p><span>Campen passer for gutter og jenter mellom 7-14 \u00e5r, som \u00f8nsker \u00e5 utvikle seg som fotballspiller. Der v\u00e5re PT-\u00f8kter fokuserer p\u00e5 \u00e5 utvikle individuelle- og relasjonelle ferdigheter, vil v\u00e5re Camper ha et st\u00f8rre fokus p\u00e5 \u00e5 utvikle relasjonelle- og strukturelle ferdigheter. FPN samler spillere fra mange forskjellige klubber og omr\u00e5der i landet, noe som gir en unik mulighet til \u00e5 knytte b\u00e5nd med andre likesinnede. Innholdet i programmet, samt trenerteamet, varierer fra gang til gang. V\u00e5re effektive treningsmetoder og teoribasert kompetanseheving, gir deg den utviklingen du fortjener. Og ettersom vi har relativt sm\u00e5 grupper vil du f\u00e5 tettere oppf\u00f8lging og veiledning p\u00e5 prestasjon!<\/span><\/p>\n<p>Vi setter deg i strekk gjennom \u00e5 utfordre deg til \u00e5 klare mer enn du ellers f\u00f8ler deg i stand til!<\/p>\n<\/div>\n<\/div>\n<p>[\/et_pb_text][\/et_pb_column][et_pb_column type=&raquo;1_3&#8243; _builder_version=&raquo;4.27.4&#8243; _module_preset=&raquo;default&raquo; global_colors_info=&raquo;{}&raquo;][et_pb_image src=&raquo;http:\/\/fotballprogresjon.no\/wp-content\/uploads\/2025\/04\/0N7A2178.jpg&raquo; title_text=&raquo;0N7A2178&#8243; _builder_version=&raquo;4.27.4&#8243; _module_preset=&raquo;default&raquo; border_radii=&raquo;on|30px|30px|30px|30px&raquo; global_colors_info=&raquo;{}&raquo;][\/et_pb_image][\/et_pb_column][\/et_pb_row][\/et_pb_section][et_pb_section fb_built=&raquo;1&#8243; admin_label=&raquo;About Us&raquo; _builder_version=&raquo;4.27.4&#8243; background_enable_color=&raquo;off&raquo; global_colors_info=&raquo;{}&raquo;][et_pb_row column_structure=&raquo;3_5,2_5&#8243; _builder_version=&raquo;4.16&#8243; global_colors_info=&raquo;{}&raquo;][et_pb_column type=&raquo;3_5&#8243; _builder_version=&raquo;4.16&#8243; custom_padding=&raquo;|||&raquo; global_colors_info=&raquo;{}&raquo; custom_padding__hover=&raquo;|||&raquo;][et_pb_text _builder_version=&raquo;4.27.4&#8243; text_font=&raquo;&#8211;et_global_body_font||||||||&raquo; text_text_color=&raquo;#000000&#8243; text_line_height=&raquo;1.8em&raquo; header_font=&raquo;||||||||&raquo; header_2_font=&raquo;&#8211;et_global_heading_font||||||||&raquo; header_2_font_size=&raquo;40px&raquo; custom_margin=&raquo;||0px|&raquo; custom_padding=&raquo;40px||40px||true|false&raquo; header_2_font_size_tablet=&raquo;35px&raquo; header_2_font_size_phone=&raquo;25px&raquo; header_2_font_size_last_edited=&raquo;on|desktop&raquo; border_color_all=&raquo;rgba(0,0,0,0)&raquo; border_width_top=&raquo;8px&raquo; global_colors_info=&raquo;{}&raquo; max_width__hover=&raquo;100%&raquo; max_width__hover_enabled=&raquo;100%&raquo; use_background_color_gradient__hover=&raquo;off&raquo; use_background_color_gradient__hover_enabled=&raquo;off&raquo; background_color_gradient_start__hover=&raquo;#2b87da&raquo; background_color_gradient_start__hover_enabled=&raquo;#2b87da&raquo; background_color_gradient_end__hover=&raquo;#29c4a9&#8243; background_color_gradient_end__hover_enabled=&raquo;#29c4a9&#8243; background_color_gradient_type__hover=&raquo;linear&raquo; background_color_gradient_type__hover_enabled=&raquo;linear&raquo; background_color_gradient_direction__hover=&raquo;180deg&raquo; background_color_gradient_direction__hover_enabled=&raquo;180deg&raquo; background_color_gradient_direction_radial__hover=&raquo;center&raquo; background_color_gradient_direction_radial__hover_enabled=&raquo;center&raquo; background_color_gradient_start_position__hover=&raquo;0%&raquo; background_color_gradient_start_position__hover_enabled=&raquo;0%&raquo; background_color_gradient_end_position__hover=&raquo;100%&raquo; background_color_gradient_end_position__hover_enabled=&raquo;100%&raquo; background_color_gradient_overlays_image__hover=&raquo;off&raquo; background_color_gradient_overlays_image__hover_enabled=&raquo;off&raquo; parallax__hover=&raquo;off&raquo; parallax__hover_enabled=&raquo;off&raquo; parallax_method__hover=&raquo;on&raquo; parallax_method__hover_enabled=&raquo;on&raquo; background_size__hover=&raquo;cover&raquo; background_size__hover_enabled=&raquo;cover&raquo; background_position__hover=&raquo;center&raquo; background_position__hover_enabled=&raquo;center&raquo; background_repeat__hover=&raquo;no-repeat&raquo; background_repeat__hover_enabled=&raquo;no-repeat&raquo; background_blend__hover=&raquo;normal&raquo; background_blend__hover_enabled=&raquo;normal&raquo; allow_player_pause__hover=&raquo;off&raquo; allow_player_pause__hover_enabled=&raquo;off&raquo; background_video_pause_outside_viewport__hover=&raquo;on&raquo; background_video_pause_outside_viewport__hover_enabled=&raquo;on&raquo; box_shadow_style__hover=&raquo;none&raquo; box_shadow_style__hover_enabled=&raquo;none&raquo; box_shadow_color__hover=&raquo;rgba(0,0,0,0.3)&raquo; box_shadow_color__hover_enabled=&raquo;rgba(0,0,0,0.3)&raquo; background_color_gradient_stops__hover=&raquo;#2b87da 0%|#29c4a9 100%&raquo;]<\/p>\n<div class=\"icon-box featured-box icon-box-left text-left\">\n<div class=\"icon-box-text last-reset\">\n<h4><b>V\u00e5re trenere<\/b><\/h4>\n<p><span>Du vil bli trent av topp kvalifiserte trenere med spesialisert kompetanse innen spillerutvikling. Vi er opptatt av \u00e5 skape et stimulerende utviklingsmilj\u00f8, og fremst\u00e5r som dedikert og energisk p\u00e5 en positiv og entusiastisk m\u00e5te.<\/span><\/p>\n<h4><b>M\u00e5l med programmet<\/b><\/h4>\n<p><span>Vi \u00f8nsker \u00e5 bidra til \u00f8kt utvikling av norsk fotball. V\u00e5rt hovedm\u00e5l er \u00e5 gi deg verdifull l\u00e6ring og utvikling, slik at du kan oppleve mer glede og mestring p\u00e5 fotballbanen. Vi utvikler alle ferdigheter og egenskaper, b\u00e5de gjennom praksi og teori.<\/span><\/p>\n<h4><b>Metodikk<\/b><\/h4>\n<p><span>Treningen er designet for \u00e5 utnytte tiden maksimalt og gi deg den n\u00f8dvendige mengden av touch p\u00e5 ballen. Prinsippene handler om \u00e5 sette deg i situasjoner som er kampspesifikke, slik at du kan utvikle b\u00e5de ferdigheter og forst\u00e5elsen i et klima som er tett opp mot selve kampen. Det som er viktig er \u00e5 forst\u00e5 hva et godt valg er, og mestre et godt valg n\u00e5r det g\u00e5r fort og i trange situasjoner. Vi fokuserer p\u00e5 kompleksitet, intensitet, balltempo, kamplike bevegelser, kroppsposisjonering, og &laquo;s\u00f8k&raquo; ferdighet, alt som kreves for \u00e5 forbedre dine ferdigheter. Vi \u00f8nsker \u00e5 skape s\u00e5 homogene grupper som mulig, slik at alle opplever b\u00e5de utfordring og mestring. Derfor differensierer vi gruppene basert p\u00e5 alder, niv\u00e5 og fysisk modenhet.<\/span><\/p>\n<\/div>\n<\/div>\n<p>[\/et_pb_text][\/et_pb_column][et_pb_column type=&raquo;2_5&#8243; _builder_version=&raquo;4.16&#8243; custom_padding=&raquo;|||&raquo; global_colors_info=&raquo;{}&raquo; custom_padding__hover=&raquo;|||&raquo;][et_pb_text _builder_version=&raquo;4.27.4&#8243; text_font=&raquo;&#8211;et_global_body_font||||||||&raquo; text_text_color=&raquo;#000000&#8243; text_font_size=&raquo;16px&raquo; text_line_height=&raquo;1.8em&raquo; header_font=&raquo;||||||||&raquo; header_2_font=&raquo;Squada One||||||||&raquo; header_2_font_size=&raquo;40px&raquo; background_color=&raquo;#cbe7d3&#8243; custom_margin=&raquo;||0px|&raquo; custom_padding=&raquo;40px|40px|40px|40px|true|true&raquo; header_2_font_size_tablet=&raquo;35px&raquo; header_2_font_size_phone=&raquo;25px&raquo; header_2_font_size_last_edited=&raquo;on|desktop&raquo; border_color_all=&raquo;#003954&#8243; border_width_top=&raquo;8px&raquo; locked=&raquo;off&raquo; global_colors_info=&raquo;{}&raquo; max_width__hover=&raquo;100%&raquo; max_width__hover_enabled=&raquo;100%&raquo;]<\/p>\n<h1><span>Bekledning<\/span><\/h1>\n<p><span>Det er ikke krav om FPN-t\u00f8y. Men dersom du \u00f8nsker \u00e5 bestille noe fra v\u00e5r kolleksjon kan dette gj\u00f8res fra v\u00e5r katalog hos Torshov Sport. Fra januar 2025 er FPN kolleksjon i fargene Hvit og Sort. Vi har n\u00e5 den samme kolleksjonen b\u00e5de i Spania og i Norge. Du kan velge \u00e5 enten hente din bestilling hos Torshov Sport i Oslo eller f\u00e5 den sendt hjem til deg med posten. V\u00e5rt samarbeid med Torshov Sport sikrer at du vil motta kvalitetsplagg fra Nike som er perfekt egnet for fotballaktiviteter. <\/span><span>\u00a0<\/span><\/p>\n<p><span>Dersom du har sp\u00f8rsm\u00e5l ang\u00e5ende bestillingen, kan du ta direkte kontakt med Anders p\u00e5 Torshov Sport: <a href=\"mailto:andersv@torshovsport.no\">andersv@torshovsport.no<\/a><\/span><\/p>\n<p>[\/et_pb_text][et_pb_button button_url=&raquo;https:\/\/www.torshovsport.no\/klubbservice\/klubbkolleksjoner\/oslo\/fotballprogresjon-norge&raquo; button_text=&raquo;Se kolleksjonen&raquo; button_alignment=&raquo;right&raquo; _builder_version=&raquo;4.27.4&#8243; _module_preset=&raquo;default&raquo; custom_button=&raquo;on&raquo; button_text_color=&raquo;#9e0b0f&raquo; button_border_radius=&raquo;30px&raquo; button_icon=&raquo;&#x26;||divi||400&#8243; button_icon_color=&raquo;#9e0b0f&raquo; button_on_hover=&raquo;off&raquo; global_colors_info=&raquo;{}&raquo;][\/et_pb_button][\/et_pb_column][\/et_pb_row][\/et_pb_section][et_pb_section fb_built=&raquo;1&#8243; specialty=&raquo;on&raquo; prev_background_color=&raquo;#ffffff&raquo; next_background_color=&raquo;#ffffff&raquo; admin_label=&raquo;Stats&raquo; _builder_version=&raquo;4.27.4&#8243; _module_preset=&raquo;default&raquo; background_color=&raquo;rgba(203,231,211,0.35)&raquo; inner_width=&raquo;90%&raquo; inner_max_width=&raquo;1500px&raquo; top_divider_style=&raquo;waves&raquo; top_divider_height=&raquo;33px&raquo; bottom_divider_style=&raquo;waves&raquo; bottom_divider_height=&raquo;47px&raquo; global_colors_info=&raquo;{}&raquo;][et_pb_column type=&raquo;1_3&#8243; _builder_version=&raquo;4.16&#8243; _module_preset=&raquo;default&raquo; custom_padding=&raquo;|||&raquo; global_colors_info=&raquo;{}&raquo; custom_padding__hover=&raquo;|||&raquo;][et_pb_image src=&raquo;http:\/\/fotballprogresjon.no\/wp-content\/uploads\/2025\/04\/4.jpg&raquo; title_text=&raquo;4&#8243; _builder_version=&raquo;4.27.4&#8243; _module_preset=&raquo;default&raquo; border_radii=&raquo;on|30px|30px|30px|30px&raquo; global_colors_info=&raquo;{}&raquo;][\/et_pb_image][\/et_pb_column][et_pb_column type=&raquo;2_3&#8243; specialty_columns=&raquo;2&#8243; _builder_version=&raquo;4.16&#8243; _module_preset=&raquo;default&raquo; custom_padding=&raquo;|||&raquo; global_colors_info=&raquo;{}&raquo; custom_padding__hover=&raquo;|||&raquo;][et_pb_row_inner custom_padding_last_edited=&raquo;on|phone&raquo; _builder_version=&raquo;4.27.4&#8243; _module_preset=&raquo;default&raquo; custom_padding_tablet=&raquo;0px||0px||true|false&raquo; custom_padding_phone=&raquo;0px||0px||true|false&raquo; global_colors_info=&raquo;{}&raquo;][et_pb_column_inner saved_specialty_column_type=&raquo;2_3&#8243; _builder_version=&raquo;4.25.2&#8243; _module_preset=&raquo;default&raquo; global_colors_info=&raquo;{}&raquo;][et_pb_heading title=&raquo;Praktisk info&raquo; _builder_version=&raquo;4.27.4&#8243; _module_preset=&raquo;52e18341-e6f9-4620-9692-1f7ab870efdc&raquo; title_font=&raquo;&#8211;et_global_heading_font|700|||||||&raquo; title_font_size=&raquo;44px&raquo; title_line_height=&raquo;129.5%&raquo; title_font_size_phone=&raquo;38px&raquo; locked=&raquo;off&raquo; global_colors_info=&raquo;{}&raquo;][\/et_pb_heading][et_pb_text _builder_version=&raquo;4.27.4&#8243; _module_preset=&raquo;default&raquo; text_text_color=&raquo;#000000&#8243; custom_margin=&raquo;-20px||||false|false&raquo; hover_enabled=&raquo;0&#8243; global_colors_info=&raquo;{}&raquo; sticky_enabled=&raquo;0&#8243;]<\/p>\n<div class=\"flex flex-grow flex-col gap-3\">\n<div class=\"min-h-[20px] flex flex-col items-start gap-4 whitespace-pre-wrap\">\n<div class=\"markdown prose w-full break-words dark:prose-invert light\">\n<div id=\"col-2143507787\" class=\"col medium-6 small-12 large-6\">\n<div class=\"col-inner\">\n<h4><b>Praktisk informasjon:<\/b><\/h4>\n<ul>\n<li aria-level=\"1\">Campen varer i 1 dag, fra kl. 09:45 \u2013 15:00<\/li>\n<li aria-level=\"1\">Fra alder 7-14 \u00e5r<\/li>\n<li aria-level=\"1\">Vi har et tak p\u00e5 12 spillere per gruppe<\/li>\n<li aria-level=\"1\">Lunsj \u2013 m\u00e5 medbringes selv<\/li>\n<li aria-level=\"1\">Sted: Manglerudhallen<\/li>\n<li aria-level=\"1\">Pris: <span> 945<\/span> kr<\/li>\n<\/ul>\n<p>Du vil motta velkomstbrev med all n\u00f8dvendig informasjon p\u00e5 e-post noen dager f\u00f8r Campen starter, slik at du er godt forberedt.<\/p>\n<\/div>\n<\/div>\n<div id=\"col-1467610617\" class=\"col medium-6 small-12 large-6\">\n<div class=\"col-inner\">\n<h4><strong><\/strong><\/h4>\n<h4><strong><\/strong><\/h4>\n<h4><strong>Tidsskjema for dagen:<\/strong><\/h4>\n<ul>\n<li aria-level=\"1\">09.45 \u2013 10.00: Velkomstprat<\/li>\n<li aria-level=\"1\">10.10 \u2013 10.30: 1000 touch &#8211; Ballkoordinasjon<\/li>\n<li aria-level=\"1\">10.30 \u2013 12.00: Fotballferdigheter<\/li>\n<li aria-level=\"1\">12.00 \u2013 12.45: Lunsj<\/li>\n<li aria-level=\"1\">13.00 \u2013 13.20: 1000 touch &#8211; Ballkoordinasjon<\/li>\n<li aria-level=\"1\">13.20 \u2013 15.00: Fotballferdigheter<\/li>\n<li aria-level=\"1\">15.00 \u2013 15.10: Avslutning<\/li>\n<\/ul>\n<\/div>\n<\/div>\n<div id=\"col-1416908711\" class=\"col small-12 large-12\">\n<div class=\"col-inner\"><\/div>\n<\/div>\n<div id=\"col-882641696\" class=\"col small-12 large-12\">\n<div class=\"col-inner\">\n<div id=\"text-4257172650\" class=\"text\"><strong>Ikke g\u00e5 glipp av denne muligheten. Meld deg p\u00e5 i dag og sikre deg en plass!\u00a0<\/strong><\/div>\n<\/div>\n<\/div>\n<\/div>\n<\/div>\n<\/div>\n<p>[\/et_pb_text][et_pb_button button_url=&raquo;https:\/\/fotballprogresjon.no\/?post_type=tribe_events&raquo; button_text=&raquo;Sjekk oversikt over kommende camper&raquo; button_alignment=&raquo;left&raquo; _builder_version=&raquo;4.27.4&#8243; _module_preset=&raquo;default&raquo; custom_button=&raquo;on&raquo; button_text_color=&raquo;#9e0b0f&raquo; button_border_radius=&raquo;30px&raquo; button_icon=&raquo;&#x26;||divi||400&#8243; button_icon_color=&raquo;#9e0b0f&raquo; button_on_hover=&raquo;off&raquo; global_colors_info=&raquo;{}&raquo;][\/et_pb_button][\/et_pb_column_inner][\/et_pb_row_inner][\/et_pb_column][\/et_pb_section]<\/p>\n","protected":false},"excerpt":{"rendered":"<p>Campen passer for gutter og jenter mellom 7-14 \u00e5r, som \u00f8nsker \u00e5 utvikle seg som fotballspiller. Der v\u00e5re PT-\u00f8kter fokuserer p\u00e5 \u00e5 utvikle individuelle- og relasjonelle ferdigheter, vil v\u00e5re Camper [&hellip;]<\/p>\n","protected":false},"author":1,"featured_media":0,"parent":0,"menu_order":0,"comment_status":"closed","ping_status":"closed","template":"","meta":{"_et_pb_use_builder":"on","_et_pb_old_content":"","_et_gb_content_width":"","footnotes":""},"class_list":["post-540","page","type-page","status-publish","hentry"],"yoast_head":"<!-- This site is optimized with the Yoast SEO plugin v27.3 - https:\/\/yoast.com\/product\/yoast-seo-wordpress\/ -->\n<title>Utviklingsdag - Fotballprogresjon Norge<\/title>\n<meta name=\"robots\" content=\"index, follow, max-snippet:-1, max-image-preview:large, max-video-preview:-1\" \/>\n<link rel=\"canonical\" href=\"https:\/\/fotballprogresjon.no\/en\/utviklingsdag\/\" \/>\n<meta property=\"og:locale\" content=\"en_GB\" \/>\n<meta property=\"og:type\" content=\"article\" \/>\n<meta property=\"og:title\" content=\"Utviklingsdag - Fotballprogresjon Norge\" \/>\n<meta property=\"og:description\" content=\"Campen passer for gutter og jenter mellom 7-14 \u00e5r, som \u00f8nsker \u00e5 utvikle seg som fotballspiller. Der v\u00e5re PT-\u00f8kter fokuserer p\u00e5 \u00e5 utvikle individuelle- og relasjonelle ferdigheter, vil v\u00e5re Camper [&hellip;]\" \/>\n<meta property=\"og:url\" content=\"https:\/\/fotballprogresjon.no\/en\/utviklingsdag\/\" \/>\n<meta property=\"og:site_name\" content=\"Fotballprogresjon Norge\" \/>\n<meta property=\"article:modified_time\" content=\"2025-05-12T07:03:40+00:00\" \/>\n<meta name=\"twitter:card\" content=\"summary_large_image\" \/>\n<script type=\"application\/ld+json\" class=\"yoast-schema-graph\">{\"@context\":\"https:\\\/\\\/schema.org\",\"@graph\":[{\"@type\":\"WebPage\",\"@id\":\"https:\\\/\\\/fotballprogresjon.no\\\/en\\\/utviklingsdag\\\/\",\"url\":\"https:\\\/\\\/fotballprogresjon.no\\\/en\\\/utviklingsdag\\\/\",\"name\":\"Utviklingsdag - Fotballprogresjon Norge\",\"isPartOf\":{\"@id\":\"https:\\\/\\\/fotballprogresjon.no\\\/#website\"},\"datePublished\":\"2025-04-24T11:45:51+00:00\",\"dateModified\":\"2025-05-12T07:03:40+00:00\",\"breadcrumb\":{\"@id\":\"https:\\\/\\\/fotballprogresjon.no\\\/en\\\/utviklingsdag\\\/#breadcrumb\"},\"inLanguage\":\"en-GB\",\"potentialAction\":[{\"@type\":\"ReadAction\",\"target\":[\"https:\\\/\\\/fotballprogresjon.no\\\/en\\\/utviklingsdag\\\/\"]}]},{\"@type\":\"BreadcrumbList\",\"@id\":\"https:\\\/\\\/fotballprogresjon.no\\\/en\\\/utviklingsdag\\\/#breadcrumb\",\"itemListElement\":[{\"@type\":\"ListItem\",\"position\":1,\"name\":\"Home\",\"item\":\"https:\\\/\\\/fotballprogresjon.no\\\/\"},{\"@type\":\"ListItem\",\"position\":2,\"name\":\"Utviklingsdag\"}]},{\"@type\":\"WebSite\",\"@id\":\"https:\\\/\\\/fotballprogresjon.no\\\/#website\",\"url\":\"https:\\\/\\\/fotballprogresjon.no\\\/\",\"name\":\"Fotballprogresjon Norge\",\"description\":\"Vi utvikler fremtidens fotballspillere\",\"publisher\":{\"@id\":\"https:\\\/\\\/fotballprogresjon.no\\\/#organization\"},\"potentialAction\":[{\"@type\":\"SearchAction\",\"target\":{\"@type\":\"EntryPoint\",\"urlTemplate\":\"https:\\\/\\\/fotballprogresjon.no\\\/?s={search_term_string}\"},\"query-input\":{\"@type\":\"PropertyValueSpecification\",\"valueRequired\":true,\"valueName\":\"search_term_string\"}}],\"inLanguage\":\"en-GB\"},{\"@type\":\"Organization\",\"@id\":\"https:\\\/\\\/fotballprogresjon.no\\\/#organization\",\"name\":\"Fotballprogresjon Norge\",\"url\":\"https:\\\/\\\/fotballprogresjon.no\\\/\",\"logo\":{\"@type\":\"ImageObject\",\"inLanguage\":\"en-GB\",\"@id\":\"https:\\\/\\\/fotballprogresjon.no\\\/#\\\/schema\\\/logo\\\/image\\\/\",\"url\":\"https:\\\/\\\/fotballprogresjon.no\\\/wp-content\\\/uploads\\\/2026\\\/04\\\/fpn-logo.png\",\"contentUrl\":\"https:\\\/\\\/fotballprogresjon.no\\\/wp-content\\\/uploads\\\/2026\\\/04\\\/fpn-logo.png\",\"width\":400,\"height\":400,\"caption\":\"Fotballprogresjon Norge\"},\"image\":{\"@id\":\"https:\\\/\\\/fotballprogresjon.no\\\/#\\\/schema\\\/logo\\\/image\\\/\"}}]}<\/script>\n<!-- \/ Yoast SEO plugin. -->","yoast_head_json":{"title":"Utviklingsdag - Fotballprogresjon Norge","robots":{"index":"index","follow":"follow","max-snippet":"max-snippet:-1","max-image-preview":"max-image-preview:large","max-video-preview":"max-video-preview:-1"},"canonical":"https:\/\/fotballprogresjon.no\/en\/utviklingsdag\/","og_locale":"en_GB","og_type":"article","og_title":"Utviklingsdag - Fotballprogresjon Norge","og_description":"Campen passer for gutter og jenter mellom 7-14 \u00e5r, som \u00f8nsker \u00e5 utvikle seg som fotballspiller. Der v\u00e5re PT-\u00f8kter fokuserer p\u00e5 \u00e5 utvikle individuelle- og relasjonelle ferdigheter, vil v\u00e5re Camper [&hellip;]","og_url":"https:\/\/fotballprogresjon.no\/en\/utviklingsdag\/","og_site_name":"Fotballprogresjon Norge","article_modified_time":"2025-05-12T07:03:40+00:00","twitter_card":"summary_large_image","schema":{"@context":"https:\/\/schema.org","@graph":[{"@type":"WebPage","@id":"https:\/\/fotballprogresjon.no\/en\/utviklingsdag\/","url":"https:\/\/fotballprogresjon.no\/en\/utviklingsdag\/","name":"Utviklingsdag - Fotballprogresjon Norge","isPartOf":{"@id":"https:\/\/fotballprogresjon.no\/#website"},"datePublished":"2025-04-24T11:45:51+00:00","dateModified":"2025-05-12T07:03:40+00:00","breadcrumb":{"@id":"https:\/\/fotballprogresjon.no\/en\/utviklingsdag\/#breadcrumb"},"inLanguage":"en-GB","potentialAction":[{"@type":"ReadAction","target":["https:\/\/fotballprogresjon.no\/en\/utviklingsdag\/"]}]},{"@type":"BreadcrumbList","@id":"https:\/\/fotballprogresjon.no\/en\/utviklingsdag\/#breadcrumb","itemListElement":[{"@type":"ListItem","position":1,"name":"Home","item":"https:\/\/fotballprogresjon.no\/"},{"@type":"ListItem","position":2,"name":"Utviklingsdag"}]},{"@type":"WebSite","@id":"https:\/\/fotballprogresjon.no\/#website","url":"https:\/\/fotballprogresjon.no\/","name":"Fotballprogresjon Norge","description":"We Develop the Footballers of Tomorrow","publisher":{"@id":"https:\/\/fotballprogresjon.no\/#organization"},"potentialAction":[{"@type":"SearchAction","target":{"@type":"EntryPoint","urlTemplate":"https:\/\/fotballprogresjon.no\/?s={search_term_string}"},"query-input":{"@type":"PropertyValueSpecification","valueRequired":true,"valueName":"search_term_string"}}],"inLanguage":"en-GB"},{"@type":"Organization","@id":"https:\/\/fotballprogresjon.no\/#organization","name":"Fotballprogresjon Norge","url":"https:\/\/fotballprogresjon.no\/","logo":{"@type":"ImageObject","inLanguage":"en-GB","@id":"https:\/\/fotballprogresjon.no\/#\/schema\/logo\/image\/","url":"https:\/\/fotballprogresjon.no\/wp-content\/uploads\/2026\/04\/fpn-logo.png","contentUrl":"https:\/\/fotballprogresjon.no\/wp-content\/uploads\/2026\/04\/fpn-logo.png","width":400,"height":400,"caption":"Fotballprogresjon Norge"},"image":{"@id":"https:\/\/fotballprogresjon.no\/#\/schema\/logo\/image\/"}}]}},"_links":{"self":[{"href":"https:\/\/fotballprogresjon.no\/en\/wp-json\/wp\/v2\/pages\/540","targetHints":{"allow":["GET"]}}],"collection":[{"href":"https:\/\/fotballprogresjon.no\/en\/wp-json\/wp\/v2\/pages"}],"about":[{"href":"https:\/\/fotballprogresjon.no\/en\/wp-json\/wp\/v2\/types\/page"}],"author":[{"embeddable":true,"href":"https:\/\/fotballprogresjon.no\/en\/wp-json\/wp\/v2\/users\/1"}],"replies":[{"embeddable":true,"href":"https:\/\/fotballprogresjon.no\/en\/wp-json\/wp\/v2\/comments?post=540"}],"version-history":[{"count":6,"href":"https:\/\/fotballprogresjon.no\/en\/wp-json\/wp\/v2\/pages\/540\/revisions"}],"predecessor-version":[{"id":848,"href":"https:\/\/fotballprogresjon.no\/en\/wp-json\/wp\/v2\/pages\/540\/revisions\/848"}],"wp:attachment":[{"href":"https:\/\/fotballprogresjon.no\/en\/wp-json\/wp\/v2\/media?parent=540"}],"curies":[{"name":"wp","href":"https:\/\/api.w.org\/{rel}","templated":true}]}}