{"id":590,"date":"2025-04-24T12:55:17","date_gmt":"2025-04-24T12:55:17","guid":{"rendered":"https:\/\/fotballprogresjon.no\/?page_id=590"},"modified":"2026-03-19T07:12:04","modified_gmt":"2026-03-19T07:12:04","slug":"mentalitet","status":"publish","type":"page","link":"https:\/\/fotballprogresjon.no\/en\/mentalitet\/","title":{"rendered":"Mental Training"},"content":{"rendered":"<p>[et_pb_section fb_built=&raquo;1&#8243; admin_label=&raquo;Listings&raquo; _builder_version=&raquo;4.27.4&#8243; _module_preset=&raquo;default&raquo; background_color=&raquo;#FFFFFF&raquo; custom_margin=&raquo;||||false|false&raquo; global_colors_info=&raquo;{}&raquo;][et_pb_row column_structure=&raquo;1_2,1_2&#8243; _builder_version=&raquo;4.27.4&#8243; _module_preset=&raquo;default&raquo; width=&raquo;90%&raquo; width_tablet=&raquo;90%&raquo; width_phone=&raquo;80%&raquo; width_last_edited=&raquo;on|phone&raquo; max_width=&raquo;1500px&raquo; global_colors_info=&raquo;{}&raquo;][et_pb_column type=&raquo;1_2&#8243; _builder_version=&raquo;4.27.4&#8243; _module_preset=&raquo;default&raquo; global_colors_info=&raquo;{}&raquo;][et_pb_heading title=&raquo;Mental trening&raquo; _builder_version=&raquo;4.27.5&#8243; _module_preset=&raquo;aec13ae2-1963-4245-b3da-f109482ea844&#8243; title_font=&raquo;DM Sans|700|||||||&raquo; title_text_color=&raquo;#003954&#8243; title_font_size=&raquo;52px&raquo; title_font_tablet=&raquo;Figtree|700|||||||&raquo; title_font_phone=&raquo;Figtree|700|||||||&raquo; title_font_last_edited=&raquo;on|phone&raquo; title_font_size_phone=&raquo;36px&raquo; global_colors_info=&raquo;{}&raquo;][\/et_pb_heading][et_pb_text _builder_version=&raquo;4.27.5&#8243; _module_preset=&raquo;default&raquo; text_text_color=&raquo;#000000&#8243; text_line_height=&raquo;1.6em&raquo; global_colors_info=&raquo;{}&raquo;]<\/p>\n<div class=\"icon-box featured-box icon-box-left text-left\">\n<div class=\"icon-box-text last-reset\">\n<p><span>V\u00e5re mentale trenere, Hallgeir Martinsen og Bj\u00f8rn-Inge Fl\u00e5, har solid kompetanse i \u00e5 hjelpe fotballspillere med \u00e5 prestere bedre og bli den beste versjonen av seg selv. Gjennom FPN kan vi n\u00e5 tilby gruppe\u00f8kter differensiert etter alder, med temaer som:<\/span><\/p>\n<\/div>\n<\/div>\n<p>[\/et_pb_text][\/et_pb_column][et_pb_column type=&raquo;1_2&#8243; _builder_version=&raquo;4.27.4&#8243; _module_preset=&raquo;default&raquo; global_colors_info=&raquo;{}&raquo;][et_pb_image src=&raquo;http:\/\/fotballprogresjon.no\/wp-content\/uploads\/2025\/04\/advanced-level.jpg&raquo; title_text=&raquo;advanced-level&raquo; _builder_version=&raquo;4.27.4&#8243; _module_preset=&raquo;default&raquo; border_radii=&raquo;on|30px|30px|30px|30px&raquo; global_colors_info=&raquo;{}&raquo;][\/et_pb_image][\/et_pb_column][\/et_pb_row][et_pb_row column_structure=&raquo;1_4,1_4,1_4,1_4&#8243; _builder_version=&raquo;4.27.4&#8243; _module_preset=&raquo;default&raquo; background_color=&raquo;rgba(203,231,211,0.35)&raquo; width=&raquo;90%&raquo; width_tablet=&raquo;90%&raquo; width_phone=&raquo;80%&raquo; width_last_edited=&raquo;on|phone&raquo; max_width=&raquo;1500px&raquo; custom_padding=&raquo;40px|40px|40px|40px|false|false&raquo; border_radii=&raquo;on|30px|30px|30px|30px&raquo; global_colors_info=&raquo;{}&raquo;][et_pb_column type=&raquo;1_4&#8243; _builder_version=&raquo;4.27.4&#8243; _module_preset=&raquo;default&raquo; global_colors_info=&raquo;{}&raquo;][et_pb_text _builder_version=&raquo;4.27.4&#8243; _module_preset=&raquo;default&raquo; text_text_color=&raquo;#000000&#8243; text_font_size=&raquo;16px&raquo; text_line_height=&raquo;1.4em&raquo; header_5_font_size=&raquo;22px&raquo; global_colors_info=&raquo;{}&raquo;]<\/p>\n<h5>Mestring vs. prestasjon<\/h5>\n<p><span> <\/span><span>Her vil du l\u00e6re om hvordan vi som fotballspillere kan tenke (retningsorientering)<\/span><span> <\/span><span>for \u00e5 f\u00e5 maksimalt ut av trening og kamp, og \u00f8ke sannsynligheten for \u00e5 yte maks<\/span><span> <\/span><span>p\u00e5 hver trening, st\u00e5 i motgang og ha fokus p\u00e5 seg selv og egen utvikling som<\/span><span> <\/span><span>spiller, og dermed bevare\/bygge selvtillit i treningsarbeidet. <\/span><\/p>\n<p>[\/et_pb_text][\/et_pb_column][et_pb_column type=&raquo;1_4&#8243; _builder_version=&raquo;4.27.4&#8243; _module_preset=&raquo;default&raquo; global_colors_info=&raquo;{}&raquo;][et_pb_text _builder_version=&raquo;4.27.4&#8243; _module_preset=&raquo;default&raquo; text_text_color=&raquo;#000000&#8243; text_font_size=&raquo;16px&raquo; text_line_height=&raquo;1.4em&raquo; header_5_font_size=&raquo;22px&raquo; global_colors_info=&raquo;{}&raquo;]<\/p>\n<h5>M\u00e5lsetting<\/h5>\n<p><span>\u00c5 sette gode m\u00e5l er en av de beste<\/span><span> <\/span><span>motivasjonsstrategiene vi har for utvikling. Ved \u00e5 ha god struktur i<\/span><span> <\/span><span>m\u00e5lsettingsarbeidet er det lettere \u00e5 vite hva en jobber mot og dermed<\/span><span> <\/span><span>gjennomf\u00f8re den treningen som er n\u00f8dvendig.<\/span><span> <\/span><\/p>\n<p>[\/et_pb_text][\/et_pb_column][et_pb_column type=&raquo;1_4&#8243; _builder_version=&raquo;4.27.4&#8243; _module_preset=&raquo;default&raquo; global_colors_info=&raquo;{}&raquo;][et_pb_text _builder_version=&raquo;4.27.4&#8243; _module_preset=&raquo;default&raquo; text_text_color=&raquo;#000000&#8243; text_font_size=&raquo;16px&raquo; text_line_height=&raquo;1.4em&raquo; header_5_font_size=&raquo;22px&raquo; global_colors_info=&raquo;{}&raquo;]<\/p>\n<h5>Visualisering<\/h5>\n<p><span>Du vil l\u00e6re hva<\/span><span> <\/span><span>visualisering er, og hvordan du kan gjennomf\u00f8re dette i praksis. 99,8% av alle<\/span><span> <\/span><span>toppidrettsut\u00f8vere rapporterer at de bruker visualisering i sitt<\/span><span> <\/span><span>treningsarbeid, og vi vet at dette er et mektig verkt\u00f8y for \u00e5 bygge<\/span><span> <\/span><span>selvttillit, mestringstro, men kan ogs\u00e5 brukes i innl\u00e6ring av nye teknikker og<\/span><span> <\/span><span>til heling av skader. <\/span><\/p>\n<p>[\/et_pb_text][\/et_pb_column][et_pb_column type=&raquo;1_4&#8243; _builder_version=&raquo;4.27.4&#8243; _module_preset=&raquo;default&raquo; global_colors_info=&raquo;{}&raquo;][et_pb_text _builder_version=&raquo;4.27.4&#8243; _module_preset=&raquo;default&raquo; text_text_color=&raquo;#000000&#8243; text_font_size=&raquo;16px&raquo; text_line_height=&raquo;1.4em&raquo; header_5_font_size=&raquo;22px&raquo; global_colors_info=&raquo;{}&raquo;]<\/p>\n<h5>Indre dialog<\/h5>\n<p><span> <\/span><span><\/span><span>Indre dialog er et verkt\u00f8y du<\/span><span> <\/span><span>kan bruke for \u00e5 bygge selvtillit og mestringstro. De fleste tanker vi har er<\/span><span> <\/span><span>ubevisste, og vi mennesker er programmert til \u00e5 tenke p\u00e5 bekymringer, og dette<\/span><span><\/span><span>\u00abtanketoget\u00bb f\u00e5r ofte forlate stasjonen uten at vi er klar over det. Her vil du<\/span><span> <\/span><span>l\u00e6re mer om \u00e5 bli bevisst disse tankene, og hvordan jobbe med dem. <\/span><\/p>\n<p>[\/et_pb_text][\/et_pb_column][\/et_pb_row][et_pb_row column_structure=&raquo;1_4,1_4,1_4,1_4&#8243; _builder_version=&raquo;4.27.4&#8243; _module_preset=&raquo;default&raquo; background_color=&raquo;rgba(203,231,211,0.35)&raquo; width=&raquo;90%&raquo; width_tablet=&raquo;90%&raquo; width_phone=&raquo;80%&raquo; width_last_edited=&raquo;on|phone&raquo; max_width=&raquo;1500px&raquo; custom_margin_tablet=&raquo;&raquo; custom_margin_phone=&raquo;20px||||false|false&raquo; custom_margin_last_edited=&raquo;on|phone&raquo; custom_padding=&raquo;40px|40px|40px|40px|false|false&raquo; border_radii=&raquo;on|30px|30px|30px|30px&raquo; global_colors_info=&raquo;{}&raquo;][et_pb_column type=&raquo;1_4&#8243; _builder_version=&raquo;4.27.4&#8243; _module_preset=&raquo;default&raquo; global_colors_info=&raquo;{}&raquo;][et_pb_text _builder_version=&raquo;4.27.4&#8243; _module_preset=&raquo;default&raquo; text_text_color=&raquo;#000000&#8243; text_font_size=&raquo;16px&raquo; text_line_height=&raquo;1.4em&raquo; header_5_font_size=&raquo;22px&raquo; global_colors_info=&raquo;{}&raquo;]<\/p>\n<h5>Selvtillit<\/h5>\n<p><span>Hva er selvtillit? Hvordan<\/span><span> <\/span><span>skiller den seg fra selvf\u00f8lelse? Her vil du l\u00e6re hvordan du kan jobbe med<\/span><span> <\/span><span>selvtillit gjennom enkle \u00f8velser. <\/span><\/p>\n<p>[\/et_pb_text][\/et_pb_column][et_pb_column type=&raquo;1_4&#8243; _builder_version=&raquo;4.27.4&#8243; _module_preset=&raquo;default&raquo; global_colors_info=&raquo;{}&raquo;][et_pb_text _builder_version=&raquo;4.27.4&#8243; _module_preset=&raquo;default&raquo; text_text_color=&raquo;#000000&#8243; text_font_size=&raquo;16px&raquo; text_line_height=&raquo;1.4em&raquo; header_5_font_size=&raquo;22px&raquo; global_colors_info=&raquo;{}&raquo;]<\/p>\n<h5>Mestring av stress<\/h5>\n<p><span>Vi g\u00e5r i<\/span><span> <\/span><span>dybden p\u00e5 hva stress er, satt i en idrettslig kontekst, ogs\u00e5 kalt<\/span><span><\/span><span>spenningsniv\u00e5. Mange fotballspillere opplever \u00e5 takle kroppslig stress f\u00f8r<\/span><span> <\/span><span>kamper o.l n\u00e5r man har l\u00e6rt mer om hva som skjer i kroppen og hvorfor det<\/span><span> <\/span><span>skjer. Videre f\u00e5r du \u00f8velser for hvordan du kan kontrollere spenningen, b\u00e5de<\/span><span> <\/span><span>opp og ned.<\/span><span> <\/span><\/p>\n<p>[\/et_pb_text][\/et_pb_column][et_pb_column type=&raquo;1_4&#8243; _builder_version=&raquo;4.27.4&#8243; _module_preset=&raquo;default&raquo; global_colors_info=&raquo;{}&raquo;][et_pb_text _builder_version=&raquo;4.27.4&#8243; _module_preset=&raquo;default&raquo; text_text_color=&raquo;#000000&#8243; text_font_size=&raquo;16px&raquo; text_line_height=&raquo;1.4em&raquo; header_5_font_size=&raquo;22px&raquo; global_colors_info=&raquo;{}&raquo;]<\/p>\n<h5>S\u00f8vn og restitusjon<\/h5>\n<p><span>Du f\u00e5r bedre kunnskap om<\/span><span> <\/span><span>bl.a. hvor viktig s\u00f8vn er for restitusjon og prestasjon. Vi vil ogs\u00e5 g\u00e5 inn p\u00e5 hva restitusjon er, og hvilke grep<\/span><span> <\/span><span>man kan ta for \u00e5 optimalisere denne for seg selv. En felle mange g\u00e5r i er at de<\/span><span> <\/span><span>trener altfor hardt, gjerne over lengere tid og skj\u00f8nner ikke hvorfor man ikke<\/span><span> <\/span><span>blir bedre, raskere, eller sterkere. Kroppen er ikke en maskin, og det er viktig \u00e5<\/span><span> <\/span><span>finne en balanse mellom trening og hvile. Overtrening og i verste fall<\/span><span> <\/span><span>utbrenthet tar dessverre knekken p\u00e5 mange. <\/span><\/p>\n<p>[\/et_pb_text][\/et_pb_column][et_pb_column type=&raquo;1_4&#8243; _builder_version=&raquo;4.27.4&#8243; _module_preset=&raquo;default&raquo; global_colors_info=&raquo;{}&raquo;][\/et_pb_column][\/et_pb_row][\/et_pb_section]<\/p>\n","protected":false},"excerpt":{"rendered":"<p>V\u00e5re mentale trenere, Hallgeir Martinsen og Bj\u00f8rn-Inge Fl\u00e5, har solid kompetanse i \u00e5 hjelpe fotballspillere med \u00e5 prestere bedre og bli den beste versjonen av seg selv. Gjennom FPN kan [&hellip;]<\/p>\n","protected":false},"author":1,"featured_media":0,"parent":0,"menu_order":0,"comment_status":"closed","ping_status":"closed","template":"","meta":{"_et_pb_use_builder":"on","_et_pb_old_content":"","_et_gb_content_width":"","footnotes":""},"class_list":["post-590","page","type-page","status-publish","hentry"],"yoast_head":"<!-- This site is optimized with the Yoast SEO plugin v27.4 - https:\/\/yoast.com\/product\/yoast-seo-wordpress\/ -->\n<title>Mentalitet - Fotballprogresjon Norge<\/title>\n<meta name=\"robots\" content=\"index, follow, max-snippet:-1, max-image-preview:large, max-video-preview:-1\" \/>\n<link rel=\"canonical\" href=\"http:\/\/fotballprogresjon.no\/en\/mentalitet\/\" \/>\n<meta property=\"og:locale\" content=\"en_GB\" \/>\n<meta property=\"og:type\" content=\"article\" \/>\n<meta property=\"og:title\" content=\"Mentalitet - Fotballprogresjon Norge\" \/>\n<meta property=\"og:description\" content=\"V\u00e5re mentale trenere, Hallgeir Martinsen og Bj\u00f8rn-Inge Fl\u00e5, har solid kompetanse i \u00e5 hjelpe fotballspillere med \u00e5 prestere bedre og bli den beste versjonen av seg selv. Gjennom FPN kan [&hellip;]\" \/>\n<meta property=\"og:url\" content=\"http:\/\/fotballprogresjon.no\/en\/mentalitet\/\" \/>\n<meta property=\"og:site_name\" content=\"Fotballprogresjon Norge\" \/>\n<meta property=\"article:modified_time\" content=\"2026-03-19T07:12:04+00:00\" \/>\n<meta name=\"twitter:card\" content=\"summary_large_image\" \/>\n<script type=\"application\/ld+json\" class=\"yoast-schema-graph\">{\"@context\":\"https:\\\/\\\/schema.org\",\"@graph\":[{\"@type\":\"WebPage\",\"@id\":\"http:\\\/\\\/fotballprogresjon.no\\\/en\\\/mentalitet\\\/\",\"url\":\"http:\\\/\\\/fotballprogresjon.no\\\/en\\\/mentalitet\\\/\",\"name\":\"Mentalitet - Fotballprogresjon Norge\",\"isPartOf\":{\"@id\":\"https:\\\/\\\/fotballprogresjon.no\\\/#website\"},\"datePublished\":\"2025-04-24T12:55:17+00:00\",\"dateModified\":\"2026-03-19T07:12:04+00:00\",\"breadcrumb\":{\"@id\":\"http:\\\/\\\/fotballprogresjon.no\\\/en\\\/mentalitet\\\/#breadcrumb\"},\"inLanguage\":\"en-GB\",\"potentialAction\":[{\"@type\":\"ReadAction\",\"target\":[\"http:\\\/\\\/fotballprogresjon.no\\\/en\\\/mentalitet\\\/\"]}]},{\"@type\":\"BreadcrumbList\",\"@id\":\"http:\\\/\\\/fotballprogresjon.no\\\/en\\\/mentalitet\\\/#breadcrumb\",\"itemListElement\":[{\"@type\":\"ListItem\",\"position\":1,\"name\":\"Home\",\"item\":\"https:\\\/\\\/fotballprogresjon.no\\\/\"},{\"@type\":\"ListItem\",\"position\":2,\"name\":\"Mentalitet\"}]},{\"@type\":\"WebSite\",\"@id\":\"https:\\\/\\\/fotballprogresjon.no\\\/#website\",\"url\":\"https:\\\/\\\/fotballprogresjon.no\\\/\",\"name\":\"Fotballprogresjon Norge\",\"description\":\"Vi utvikler fremtidens fotballspillere\",\"publisher\":{\"@id\":\"https:\\\/\\\/fotballprogresjon.no\\\/#organization\"},\"potentialAction\":[{\"@type\":\"SearchAction\",\"target\":{\"@type\":\"EntryPoint\",\"urlTemplate\":\"https:\\\/\\\/fotballprogresjon.no\\\/?s={search_term_string}\"},\"query-input\":{\"@type\":\"PropertyValueSpecification\",\"valueRequired\":true,\"valueName\":\"search_term_string\"}}],\"inLanguage\":\"en-GB\"},{\"@type\":\"Organization\",\"@id\":\"https:\\\/\\\/fotballprogresjon.no\\\/#organization\",\"name\":\"Fotballprogresjon Norge\",\"url\":\"https:\\\/\\\/fotballprogresjon.no\\\/\",\"logo\":{\"@type\":\"ImageObject\",\"inLanguage\":\"en-GB\",\"@id\":\"https:\\\/\\\/fotballprogresjon.no\\\/#\\\/schema\\\/logo\\\/image\\\/\",\"url\":\"https:\\\/\\\/fotballprogresjon.no\\\/wp-content\\\/uploads\\\/2026\\\/04\\\/fpn-logo.png\",\"contentUrl\":\"https:\\\/\\\/fotballprogresjon.no\\\/wp-content\\\/uploads\\\/2026\\\/04\\\/fpn-logo.png\",\"width\":400,\"height\":400,\"caption\":\"Fotballprogresjon Norge\"},\"image\":{\"@id\":\"https:\\\/\\\/fotballprogresjon.no\\\/#\\\/schema\\\/logo\\\/image\\\/\"}}]}<\/script>\n<!-- \/ Yoast SEO plugin. -->","yoast_head_json":{"title":"Mentalitet - Fotballprogresjon Norge","robots":{"index":"index","follow":"follow","max-snippet":"max-snippet:-1","max-image-preview":"max-image-preview:large","max-video-preview":"max-video-preview:-1"},"canonical":"http:\/\/fotballprogresjon.no\/en\/mentalitet\/","og_locale":"en_GB","og_type":"article","og_title":"Mentalitet - Fotballprogresjon Norge","og_description":"V\u00e5re mentale trenere, Hallgeir Martinsen og Bj\u00f8rn-Inge Fl\u00e5, har solid kompetanse i \u00e5 hjelpe fotballspillere med \u00e5 prestere bedre og bli den beste versjonen av seg selv. Gjennom FPN kan [&hellip;]","og_url":"http:\/\/fotballprogresjon.no\/en\/mentalitet\/","og_site_name":"Fotballprogresjon Norge","article_modified_time":"2026-03-19T07:12:04+00:00","twitter_card":"summary_large_image","schema":{"@context":"https:\/\/schema.org","@graph":[{"@type":"WebPage","@id":"http:\/\/fotballprogresjon.no\/en\/mentalitet\/","url":"http:\/\/fotballprogresjon.no\/en\/mentalitet\/","name":"Mentalitet - Fotballprogresjon Norge","isPartOf":{"@id":"https:\/\/fotballprogresjon.no\/#website"},"datePublished":"2025-04-24T12:55:17+00:00","dateModified":"2026-03-19T07:12:04+00:00","breadcrumb":{"@id":"http:\/\/fotballprogresjon.no\/en\/mentalitet\/#breadcrumb"},"inLanguage":"en-GB","potentialAction":[{"@type":"ReadAction","target":["http:\/\/fotballprogresjon.no\/en\/mentalitet\/"]}]},{"@type":"BreadcrumbList","@id":"http:\/\/fotballprogresjon.no\/en\/mentalitet\/#breadcrumb","itemListElement":[{"@type":"ListItem","position":1,"name":"Home","item":"https:\/\/fotballprogresjon.no\/"},{"@type":"ListItem","position":2,"name":"Mentalitet"}]},{"@type":"WebSite","@id":"https:\/\/fotballprogresjon.no\/#website","url":"https:\/\/fotballprogresjon.no\/","name":"Fotballprogresjon Norge","description":"We Develop the Footballers of Tomorrow","publisher":{"@id":"https:\/\/fotballprogresjon.no\/#organization"},"potentialAction":[{"@type":"SearchAction","target":{"@type":"EntryPoint","urlTemplate":"https:\/\/fotballprogresjon.no\/?s={search_term_string}"},"query-input":{"@type":"PropertyValueSpecification","valueRequired":true,"valueName":"search_term_string"}}],"inLanguage":"en-GB"},{"@type":"Organization","@id":"https:\/\/fotballprogresjon.no\/#organization","name":"Fotballprogresjon Norge","url":"https:\/\/fotballprogresjon.no\/","logo":{"@type":"ImageObject","inLanguage":"en-GB","@id":"https:\/\/fotballprogresjon.no\/#\/schema\/logo\/image\/","url":"https:\/\/fotballprogresjon.no\/wp-content\/uploads\/2026\/04\/fpn-logo.png","contentUrl":"https:\/\/fotballprogresjon.no\/wp-content\/uploads\/2026\/04\/fpn-logo.png","width":400,"height":400,"caption":"Fotballprogresjon Norge"},"image":{"@id":"https:\/\/fotballprogresjon.no\/#\/schema\/logo\/image\/"}}]}},"_links":{"self":[{"href":"https:\/\/fotballprogresjon.no\/en\/wp-json\/wp\/v2\/pages\/590","targetHints":{"allow":["GET"]}}],"collection":[{"href":"https:\/\/fotballprogresjon.no\/en\/wp-json\/wp\/v2\/pages"}],"about":[{"href":"https:\/\/fotballprogresjon.no\/en\/wp-json\/wp\/v2\/types\/page"}],"author":[{"embeddable":true,"href":"https:\/\/fotballprogresjon.no\/en\/wp-json\/wp\/v2\/users\/1"}],"replies":[{"embeddable":true,"href":"https:\/\/fotballprogresjon.no\/en\/wp-json\/wp\/v2\/comments?post=590"}],"version-history":[{"count":12,"href":"https:\/\/fotballprogresjon.no\/en\/wp-json\/wp\/v2\/pages\/590\/revisions"}],"predecessor-version":[{"id":1357,"href":"https:\/\/fotballprogresjon.no\/en\/wp-json\/wp\/v2\/pages\/590\/revisions\/1357"}],"wp:attachment":[{"href":"https:\/\/fotballprogresjon.no\/en\/wp-json\/wp\/v2\/media?parent=590"}],"curies":[{"name":"wp","href":"https:\/\/api.w.org\/{rel}","templated":true}]}}