{"id":701,"date":"2025-05-06T08:50:19","date_gmt":"2025-05-06T08:50:19","guid":{"rendered":"https:\/\/fotballprogresjon.no\/?page_id=701"},"modified":"2025-05-12T07:10:51","modified_gmt":"2025-05-12T07:10:51","slug":"testbatteri","status":"publish","type":"page","link":"https:\/\/fotballprogresjon.no\/en\/testbatteri\/","title":{"rendered":"Testing Protocol\u00a0"},"content":{"rendered":"<p>[et_pb_section fb_built=&raquo;1&#8243; admin_label=&raquo;Listings&raquo; _builder_version=&raquo;4.27.4&#8243; _module_preset=&raquo;default&raquo; background_color=&raquo;#FFFFFF&raquo; custom_margin=&raquo;||||false|false&raquo; global_colors_info=&raquo;{}&raquo;][et_pb_row column_structure=&raquo;2_3,1_3&#8243; _builder_version=&raquo;4.27.4&#8243; _module_preset=&raquo;default&raquo; width=&raquo;90%&raquo; max_width=&raquo;1500px&raquo; global_colors_info=&raquo;{}&raquo;][et_pb_column type=&raquo;2_3&#8243; _builder_version=&raquo;4.27.4&#8243; _module_preset=&raquo;default&raquo; global_colors_info=&raquo;{}&raquo;][et_pb_heading title=&raquo;For deg som \u00f8nsker kvalitet!&raquo; _builder_version=&raquo;4.27.4&#8243; _module_preset=&raquo;aec13ae2-1963-4245-b3da-f109482ea844&#8243; title_font=&raquo;&#8211;et_global_body_font|700||on|||||&raquo; title_text_color=&raquo;#9e0b0f&raquo; title_font_size=&raquo;16px&raquo; title_letter_spacing=&raquo;2px&raquo; title_font_tablet=&raquo;Figtree|700|||||||&raquo; title_font_phone=&raquo;Figtree|700|||||||&raquo; title_font_last_edited=&raquo;on|phone&raquo; title_font_size_phone=&raquo;36px&raquo; global_colors_info=&raquo;{}&raquo;][\/et_pb_heading][et_pb_heading title=&raquo;Testbatteri&raquo; _builder_version=&raquo;4.27.4&#8243; _module_preset=&raquo;aec13ae2-1963-4245-b3da-f109482ea844&#8243; title_font=&raquo;DM Sans|700|||||||&raquo; title_text_color=&raquo;#003954&#8243; title_font_size=&raquo;52px&raquo; title_font_tablet=&raquo;Figtree|700|||||||&raquo; title_font_phone=&raquo;Figtree|700|||||||&raquo; title_font_last_edited=&raquo;on|phone&raquo; title_font_size_phone=&raquo;36px&raquo; global_colors_info=&raquo;{}&raquo;][\/et_pb_heading][et_pb_text _builder_version=&raquo;4.27.4&#8243; _module_preset=&raquo;default&raquo; text_text_color=&raquo;#000000&#8243; text_line_height=&raquo;1.6em&raquo; hover_enabled=&raquo;0&#8243; global_colors_info=&raquo;{}&raquo; sticky_enabled=&raquo;0&#8243;]<\/p>\n<div class=\"icon-box featured-box icon-box-left text-left\">\n<div class=\"icon-box-text last-reset\">\n<p><span>Fotballprogresjon Norge (FPN) inviterer deg til en dag \u00f8remerket til \u00e5 <\/span><span>teste noen av dine ferdigheter.\u00a0<\/span><\/p>\n<div class=\"et_pb_blurb_description\">\n<p><span><\/span><\/p>\n<p><span>Testbatteriet best\u00e5r av n\u00f8ye utvalgte tester som gir konkrete m\u00e5linger av prestasjonene dine, og gir <\/span><span>deg verdifull innsikt i din utvikling.<\/span><span> Vi benytter oss av profesjonelt utstyr som laserm\u00e5ler og radarm\u00e5ler<\/span><span>.\u00a0<\/span><\/p>\n<p><span>Testbatteriet vil bli satt opp som et event to ganger per \u00e5r, b\u00e5de p\u00e5 v\u00e5ren og p\u00e5 h\u00f8sten. Testene dekker fotballspesifikk hurtighet med og uten ball, topphastighet, ballkontroll, samt tilslag med kraft og presisjon.<\/span><\/p>\n<\/div>\n<\/div>\n<\/div>\n<p>[\/et_pb_text][\/et_pb_column][et_pb_column type=&raquo;1_3&#8243; _builder_version=&raquo;4.27.4&#8243; _module_preset=&raquo;default&raquo; global_colors_info=&raquo;{}&raquo;][et_pb_image src=&raquo;http:\/\/fotballprogresjon.no\/wp-content\/uploads\/2025\/04\/0N7A2178.jpg&raquo; title_text=&raquo;0N7A2178&#8243; _builder_version=&raquo;4.27.4&#8243; _module_preset=&raquo;default&raquo; border_radii=&raquo;on|30px|30px|30px|30px&raquo; global_colors_info=&raquo;{}&raquo;][\/et_pb_image][\/et_pb_column][\/et_pb_row][\/et_pb_section][et_pb_section fb_built=&raquo;1&#8243; admin_label=&raquo;About Us&raquo; _builder_version=&raquo;4.27.4&#8243; background_enable_color=&raquo;off&raquo; global_colors_info=&raquo;{}&raquo;][et_pb_row column_structure=&raquo;3_5,2_5&#8243; _builder_version=&raquo;4.16&#8243; global_colors_info=&raquo;{}&raquo;][et_pb_column type=&raquo;3_5&#8243; _builder_version=&raquo;4.16&#8243; custom_padding=&raquo;|||&raquo; global_colors_info=&raquo;{}&raquo; custom_padding__hover=&raquo;|||&raquo;][et_pb_text _builder_version=&raquo;4.27.4&#8243; text_font=&raquo;&#8211;et_global_body_font||||||||&raquo; text_text_color=&raquo;#000000&#8243; text_line_height=&raquo;2.6em&raquo; header_font=&raquo;||||||||&raquo; header_2_font=&raquo;&#8211;et_global_heading_font||||||||&raquo; header_2_font_size=&raquo;40px&raquo; custom_margin=&raquo;||0px|&raquo; custom_padding=&raquo;||||true|false&raquo; hover_enabled=&raquo;0&#8243; header_2_font_size_tablet=&raquo;35px&raquo; header_2_font_size_phone=&raquo;25px&raquo; header_2_font_size_last_edited=&raquo;on|desktop&raquo; border_color_all=&raquo;rgba(0,0,0,0)&raquo; border_width_top=&raquo;8px&raquo; global_colors_info=&raquo;{}&raquo; max_width__hover=&raquo;100%&raquo; max_width__hover_enabled=&raquo;100%&raquo; use_background_color_gradient__hover=&raquo;off&raquo; use_background_color_gradient__hover_enabled=&raquo;off&raquo; background_color_gradient_start__hover=&raquo;#2b87da&raquo; background_color_gradient_start__hover_enabled=&raquo;#2b87da&raquo; background_color_gradient_end__hover=&raquo;#29c4a9&#8243; background_color_gradient_end__hover_enabled=&raquo;#29c4a9&#8243; background_color_gradient_type__hover=&raquo;linear&raquo; background_color_gradient_type__hover_enabled=&raquo;linear&raquo; background_color_gradient_direction__hover=&raquo;180deg&raquo; background_color_gradient_direction__hover_enabled=&raquo;180deg&raquo; background_color_gradient_direction_radial__hover=&raquo;center&raquo; background_color_gradient_direction_radial__hover_enabled=&raquo;center&raquo; background_color_gradient_start_position__hover=&raquo;0%&raquo; background_color_gradient_start_position__hover_enabled=&raquo;0%&raquo; background_color_gradient_end_position__hover=&raquo;100%&raquo; background_color_gradient_end_position__hover_enabled=&raquo;100%&raquo; background_color_gradient_overlays_image__hover=&raquo;off&raquo; background_color_gradient_overlays_image__hover_enabled=&raquo;off&raquo; parallax__hover=&raquo;off&raquo; parallax__hover_enabled=&raquo;off&raquo; parallax_method__hover=&raquo;on&raquo; parallax_method__hover_enabled=&raquo;on&raquo; background_size__hover=&raquo;cover&raquo; background_size__hover_enabled=&raquo;cover&raquo; background_position__hover=&raquo;center&raquo; background_position__hover_enabled=&raquo;center&raquo; background_repeat__hover=&raquo;no-repeat&raquo; background_repeat__hover_enabled=&raquo;no-repeat&raquo; background_blend__hover=&raquo;normal&raquo; background_blend__hover_enabled=&raquo;normal&raquo; allow_player_pause__hover=&raquo;off&raquo; allow_player_pause__hover_enabled=&raquo;off&raquo; background_video_pause_outside_viewport__hover=&raquo;on&raquo; background_video_pause_outside_viewport__hover_enabled=&raquo;on&raquo; box_shadow_style__hover=&raquo;none&raquo; box_shadow_style__hover_enabled=&raquo;none&raquo; box_shadow_color__hover=&raquo;rgba(0,0,0,0.3)&raquo; box_shadow_color__hover_enabled=&raquo;rgba(0,0,0,0.3)&raquo; background_color_gradient_stops__hover=&raquo;#2b87da 0%|#29c4a9 100%&raquo; sticky_enabled=&raquo;0&#8243;]<\/p>\n<div class=\"icon-box featured-box icon-box-left text-left\">\n<div class=\"icon-box-text last-reset\">\n<p><strong>Hvorfor delta p\u00e5 Testbatteri?<\/strong><\/p>\n<ul>\n<li>F\u00e5 innsikt i treningsresultater og effekter av treningen.<\/li>\n<li>Identifiser dine styrker og utviklingsomr\u00e5der. Resultatene gir deg klare indikasjoner p\u00e5 hvor du kan forbedre deg.<\/li>\n<li>Du kan sette motivasjonsm\u00e5l basert p\u00e5 konkrete tall.<\/li>\n<li>Mulighet for \u00e5 kvalifisere til v\u00e5r \u00abHall of Fame\u00bb og sammenligne resultater med de beste innen ditt \u00e5rskull.<\/li>\n<li>Testene gir deg grunnlag for \u00e5 m\u00e5le fremgang over tid.<\/li>\n<\/ul>\n<p>&nbsp;<\/p>\n<\/div>\n<\/div>\n<p>[\/et_pb_text][\/et_pb_column][et_pb_column type=&raquo;2_5&#8243; _builder_version=&raquo;4.16&#8243; custom_padding=&raquo;|||&raquo; global_colors_info=&raquo;{}&raquo; custom_padding__hover=&raquo;|||&raquo;][et_pb_text _builder_version=&raquo;4.27.4&#8243; text_font=&raquo;&#8211;et_global_body_font||||||||&raquo; text_text_color=&raquo;#000000&#8243; text_font_size=&raquo;16px&raquo; text_line_height=&raquo;1.8em&raquo; header_font=&raquo;||||||||&raquo; header_2_font=&raquo;Squada One||||||||&raquo; header_2_font_size=&raquo;40px&raquo; background_color=&raquo;#cbe7d3&#8243; custom_margin=&raquo;||0px|&raquo; custom_padding=&raquo;40px|40px|40px|40px|true|true&raquo; header_2_font_size_tablet=&raquo;35px&raquo; header_2_font_size_phone=&raquo;25px&raquo; header_2_font_size_last_edited=&raquo;on|desktop&raquo; border_color_all=&raquo;#003954&#8243; border_width_top=&raquo;8px&raquo; locked=&raquo;off&raquo; global_colors_info=&raquo;{}&raquo; max_width__hover=&raquo;100%&raquo; max_width__hover_enabled=&raquo;100%&raquo;]<\/p>\n<h1><span>Bekledning<\/span><\/h1>\n<p><span>Det er ikke krav om FPN-t\u00f8y. Men dersom du \u00f8nsker \u00e5 bestille noe fra v\u00e5r kolleksjon kan dette gj\u00f8res fra v\u00e5r katalog hos Torshov Sport. Fra januar 2025 er FPN kolleksjon i fargene Hvit og Sort. Vi har n\u00e5 den samme kolleksjonen b\u00e5de i Spania og i Norge. Du kan velge \u00e5 enten hente din bestilling hos Torshov Sport i Oslo eller f\u00e5 den sendt hjem til deg med posten. V\u00e5rt samarbeid med Torshov Sport sikrer at du vil motta kvalitetsplagg fra Nike som er perfekt egnet for fotballaktiviteter. <\/span><span>\u00a0<\/span><\/p>\n<p><span>Dersom du har sp\u00f8rsm\u00e5l ang\u00e5ende bestillingen, kan du ta direkte kontakt med Anders p\u00e5 Torshov Sport: <a href=\"mailto:andersv@torshovsport.no\">andersv@torshovsport.no<\/a><\/span><\/p>\n<p>[\/et_pb_text][et_pb_button button_url=&raquo;https:\/\/www.torshovsport.no\/klubbservice\/klubbkolleksjoner\/oslo\/fotballprogresjon-norge&raquo; button_text=&raquo;Se kolleksjonen&raquo; button_alignment=&raquo;right&raquo; _builder_version=&raquo;4.27.4&#8243; _module_preset=&raquo;default&raquo; custom_button=&raquo;on&raquo; button_text_color=&raquo;#9e0b0f&raquo; button_border_radius=&raquo;30px&raquo; button_icon=&raquo;&#x26;||divi||400&#8243; button_icon_color=&raquo;#9e0b0f&raquo; button_on_hover=&raquo;off&raquo; global_colors_info=&raquo;{}&raquo;][\/et_pb_button][\/et_pb_column][\/et_pb_row][\/et_pb_section][et_pb_section fb_built=&raquo;1&#8243; prev_background_color=&raquo;#ffffff&raquo; _builder_version=&raquo;4.27.4&#8243; _module_preset=&raquo;default&raquo; background_color=&raquo;rgba(203,231,211,0.35)&raquo; top_divider_style=&raquo;wave&raquo; top_divider_height=&raquo;39px&raquo; global_colors_info=&raquo;{}&raquo; theme_builder_area=&raquo;post_content&raquo;][et_pb_row column_structure=&raquo;1_2,1_2&#8243; _builder_version=&raquo;4.27.4&#8243; _module_preset=&raquo;default&raquo; global_colors_info=&raquo;{}&raquo; theme_builder_area=&raquo;post_content&raquo;][et_pb_column type=&raquo;1_2&#8243; _builder_version=&raquo;4.27.4&#8243; _module_preset=&raquo;default&raquo; global_colors_info=&raquo;{}&raquo; theme_builder_area=&raquo;post_content&raquo;][et_pb_heading title=&raquo;Praktisk info&raquo; _builder_version=&raquo;4.27.4&#8243; _module_preset=&raquo;52e18341-e6f9-4620-9692-1f7ab870efdc&raquo; title_font=&raquo;&#8211;et_global_heading_font|700|||||||&raquo; title_font_size=&raquo;44px&raquo; title_line_height=&raquo;129.5%&raquo; title_font_size_phone=&raquo;38px&raquo; locked=&raquo;off&raquo; global_colors_info=&raquo;{}&raquo; theme_builder_area=&raquo;post_content&raquo;][\/et_pb_heading][et_pb_text _builder_version=&raquo;4.27.4&#8243; _module_preset=&raquo;default&raquo; hover_enabled=&raquo;0&#8243; global_colors_info=&raquo;{}&raquo; theme_builder_area=&raquo;post_content&raquo; sticky_enabled=&raquo;0&#8243;]<\/p>\n<ul>\n<li>Campen varer i 1 dag, fra kl 09:45 \u2013 14:00<\/li>\n<li>Fra alder 11-14 \u00e5r<\/li>\n<li>Lunsj \u2013 m\u00e5 medbringes selv<\/li>\n<li>Sted: Manglerudhallen<\/li>\n<li>Pris: 945 kr<\/li>\n<\/ul>\n<p>Et velkomstbrev med all n\u00f8dvendig informasjon vil bli sendt per e-post noen dager f\u00f8r kurset starter, slik at du er godt forberedt.<\/p>\n<p>[\/et_pb_text][et_pb_button button_url=&raquo;https:\/\/fotballprogresjon.no\/?post_type=tribe_events&raquo; button_text=&raquo;Sjekk oversikt over kommende event&raquo; button_alignment=&raquo;left&raquo; _builder_version=&raquo;4.27.4&#8243; _module_preset=&raquo;default&raquo; custom_button=&raquo;on&raquo; button_text_color=&raquo;#9e0b0f&raquo; button_border_radius=&raquo;30px&raquo; button_icon=&raquo;&#x26;||divi||400&#8243; button_icon_color=&raquo;#9e0b0f&raquo; button_on_hover=&raquo;off&raquo; global_colors_info=&raquo;{}&raquo; theme_builder_area=&raquo;post_content&raquo;][\/et_pb_button][\/et_pb_column][et_pb_column type=&raquo;1_2&#8243; _builder_version=&raquo;4.27.4&#8243; _module_preset=&raquo;default&raquo; global_colors_info=&raquo;{}&raquo; theme_builder_area=&raquo;post_content&raquo;][\/et_pb_column][\/et_pb_row][\/et_pb_section]<\/p>\n","protected":false},"excerpt":{"rendered":"<p>Fotballprogresjon Norge (FPN) inviterer deg til en dag \u00f8remerket til \u00e5 teste noen av dine ferdigheter.\u00a0 Testbatteriet best\u00e5r av n\u00f8ye utvalgte tester som gir konkrete m\u00e5linger av prestasjonene dine, og [&hellip;]<\/p>\n","protected":false},"author":1,"featured_media":0,"parent":0,"menu_order":0,"comment_status":"closed","ping_status":"closed","template":"","meta":{"_et_pb_use_builder":"on","_et_pb_old_content":"","_et_gb_content_width":"","footnotes":""},"class_list":["post-701","page","type-page","status-publish","hentry"],"yoast_head":"<!-- This site is optimized with the Yoast SEO plugin v27.3 - https:\/\/yoast.com\/product\/yoast-seo-wordpress\/ -->\n<title>Testbatteri\u00a0 - Fotballprogresjon Norge<\/title>\n<meta name=\"robots\" content=\"index, follow, max-snippet:-1, max-image-preview:large, max-video-preview:-1\" \/>\n<link rel=\"canonical\" href=\"http:\/\/fotballprogresjon.no\/en\/testbatteri\/\" \/>\n<meta property=\"og:locale\" content=\"en_GB\" \/>\n<meta property=\"og:type\" content=\"article\" \/>\n<meta property=\"og:title\" content=\"Testbatteri\u00a0 - Fotballprogresjon Norge\" \/>\n<meta property=\"og:description\" content=\"Fotballprogresjon Norge (FPN) inviterer deg til en dag \u00f8remerket til \u00e5 teste noen av dine ferdigheter.\u00a0 Testbatteriet best\u00e5r av n\u00f8ye utvalgte tester som gir konkrete m\u00e5linger av prestasjonene dine, og [&hellip;]\" \/>\n<meta property=\"og:url\" content=\"http:\/\/fotballprogresjon.no\/en\/testbatteri\/\" \/>\n<meta property=\"og:site_name\" content=\"Fotballprogresjon Norge\" \/>\n<meta property=\"article:modified_time\" content=\"2025-05-12T07:10:51+00:00\" \/>\n<meta name=\"twitter:card\" content=\"summary_large_image\" \/>\n<script type=\"application\/ld+json\" class=\"yoast-schema-graph\">{\"@context\":\"https:\\\/\\\/schema.org\",\"@graph\":[{\"@type\":\"WebPage\",\"@id\":\"http:\\\/\\\/fotballprogresjon.no\\\/testbatteri\\\/\",\"url\":\"http:\\\/\\\/fotballprogresjon.no\\\/testbatteri\\\/\",\"name\":\"Testbatteri\u00a0 - Fotballprogresjon Norge\",\"isPartOf\":{\"@id\":\"https:\\\/\\\/fotballprogresjon.no\\\/#website\"},\"datePublished\":\"2025-05-06T08:50:19+00:00\",\"dateModified\":\"2025-05-12T07:10:51+00:00\",\"breadcrumb\":{\"@id\":\"http:\\\/\\\/fotballprogresjon.no\\\/testbatteri\\\/#breadcrumb\"},\"inLanguage\":\"en-GB\",\"potentialAction\":[{\"@type\":\"ReadAction\",\"target\":[\"http:\\\/\\\/fotballprogresjon.no\\\/testbatteri\\\/\"]}]},{\"@type\":\"BreadcrumbList\",\"@id\":\"http:\\\/\\\/fotballprogresjon.no\\\/testbatteri\\\/#breadcrumb\",\"itemListElement\":[{\"@type\":\"ListItem\",\"position\":1,\"name\":\"Home\",\"item\":\"https:\\\/\\\/fotballprogresjon.no\\\/\"},{\"@type\":\"ListItem\",\"position\":2,\"name\":\"Testbatteri\u00a0\"}]},{\"@type\":\"WebSite\",\"@id\":\"https:\\\/\\\/fotballprogresjon.no\\\/#website\",\"url\":\"https:\\\/\\\/fotballprogresjon.no\\\/\",\"name\":\"Fotballprogresjon Norge\",\"description\":\"Vi utvikler fremtidens fotballspillere\",\"publisher\":{\"@id\":\"https:\\\/\\\/fotballprogresjon.no\\\/#organization\"},\"potentialAction\":[{\"@type\":\"SearchAction\",\"target\":{\"@type\":\"EntryPoint\",\"urlTemplate\":\"https:\\\/\\\/fotballprogresjon.no\\\/?s={search_term_string}\"},\"query-input\":{\"@type\":\"PropertyValueSpecification\",\"valueRequired\":true,\"valueName\":\"search_term_string\"}}],\"inLanguage\":\"en-GB\"},{\"@type\":\"Organization\",\"@id\":\"https:\\\/\\\/fotballprogresjon.no\\\/#organization\",\"name\":\"Fotballprogresjon Norge\",\"url\":\"https:\\\/\\\/fotballprogresjon.no\\\/\",\"logo\":{\"@type\":\"ImageObject\",\"inLanguage\":\"en-GB\",\"@id\":\"https:\\\/\\\/fotballprogresjon.no\\\/#\\\/schema\\\/logo\\\/image\\\/\",\"url\":\"https:\\\/\\\/fotballprogresjon.no\\\/wp-content\\\/uploads\\\/2026\\\/04\\\/fpn-logo.png\",\"contentUrl\":\"https:\\\/\\\/fotballprogresjon.no\\\/wp-content\\\/uploads\\\/2026\\\/04\\\/fpn-logo.png\",\"width\":400,\"height\":400,\"caption\":\"Fotballprogresjon Norge\"},\"image\":{\"@id\":\"https:\\\/\\\/fotballprogresjon.no\\\/#\\\/schema\\\/logo\\\/image\\\/\"}}]}<\/script>\n<!-- \/ Yoast SEO plugin. -->","yoast_head_json":{"title":"Testbatteri\u00a0 - Fotballprogresjon Norge","robots":{"index":"index","follow":"follow","max-snippet":"max-snippet:-1","max-image-preview":"max-image-preview:large","max-video-preview":"max-video-preview:-1"},"canonical":"http:\/\/fotballprogresjon.no\/en\/testbatteri\/","og_locale":"en_GB","og_type":"article","og_title":"Testbatteri\u00a0 - Fotballprogresjon Norge","og_description":"Fotballprogresjon Norge (FPN) inviterer deg til en dag \u00f8remerket til \u00e5 teste noen av dine ferdigheter.\u00a0 Testbatteriet best\u00e5r av n\u00f8ye utvalgte tester som gir konkrete m\u00e5linger av prestasjonene dine, og [&hellip;]","og_url":"http:\/\/fotballprogresjon.no\/en\/testbatteri\/","og_site_name":"Fotballprogresjon Norge","article_modified_time":"2025-05-12T07:10:51+00:00","twitter_card":"summary_large_image","schema":{"@context":"https:\/\/schema.org","@graph":[{"@type":"WebPage","@id":"http:\/\/fotballprogresjon.no\/testbatteri\/","url":"http:\/\/fotballprogresjon.no\/testbatteri\/","name":"Testbatteri\u00a0 - Fotballprogresjon Norge","isPartOf":{"@id":"https:\/\/fotballprogresjon.no\/#website"},"datePublished":"2025-05-06T08:50:19+00:00","dateModified":"2025-05-12T07:10:51+00:00","breadcrumb":{"@id":"http:\/\/fotballprogresjon.no\/testbatteri\/#breadcrumb"},"inLanguage":"en-GB","potentialAction":[{"@type":"ReadAction","target":["http:\/\/fotballprogresjon.no\/testbatteri\/"]}]},{"@type":"BreadcrumbList","@id":"http:\/\/fotballprogresjon.no\/testbatteri\/#breadcrumb","itemListElement":[{"@type":"ListItem","position":1,"name":"Home","item":"https:\/\/fotballprogresjon.no\/"},{"@type":"ListItem","position":2,"name":"Testbatteri\u00a0"}]},{"@type":"WebSite","@id":"https:\/\/fotballprogresjon.no\/#website","url":"https:\/\/fotballprogresjon.no\/","name":"Fotballprogresjon Norge","description":"We Develop the Footballers of Tomorrow","publisher":{"@id":"https:\/\/fotballprogresjon.no\/#organization"},"potentialAction":[{"@type":"SearchAction","target":{"@type":"EntryPoint","urlTemplate":"https:\/\/fotballprogresjon.no\/?s={search_term_string}"},"query-input":{"@type":"PropertyValueSpecification","valueRequired":true,"valueName":"search_term_string"}}],"inLanguage":"en-GB"},{"@type":"Organization","@id":"https:\/\/fotballprogresjon.no\/#organization","name":"Fotballprogresjon Norge","url":"https:\/\/fotballprogresjon.no\/","logo":{"@type":"ImageObject","inLanguage":"en-GB","@id":"https:\/\/fotballprogresjon.no\/#\/schema\/logo\/image\/","url":"https:\/\/fotballprogresjon.no\/wp-content\/uploads\/2026\/04\/fpn-logo.png","contentUrl":"https:\/\/fotballprogresjon.no\/wp-content\/uploads\/2026\/04\/fpn-logo.png","width":400,"height":400,"caption":"Fotballprogresjon Norge"},"image":{"@id":"https:\/\/fotballprogresjon.no\/#\/schema\/logo\/image\/"}}]}},"_links":{"self":[{"href":"https:\/\/fotballprogresjon.no\/en\/wp-json\/wp\/v2\/pages\/701","targetHints":{"allow":["GET"]}}],"collection":[{"href":"https:\/\/fotballprogresjon.no\/en\/wp-json\/wp\/v2\/pages"}],"about":[{"href":"https:\/\/fotballprogresjon.no\/en\/wp-json\/wp\/v2\/types\/page"}],"author":[{"embeddable":true,"href":"https:\/\/fotballprogresjon.no\/en\/wp-json\/wp\/v2\/users\/1"}],"replies":[{"embeddable":true,"href":"https:\/\/fotballprogresjon.no\/en\/wp-json\/wp\/v2\/comments?post=701"}],"version-history":[{"count":4,"href":"https:\/\/fotballprogresjon.no\/en\/wp-json\/wp\/v2\/pages\/701\/revisions"}],"predecessor-version":[{"id":854,"href":"https:\/\/fotballprogresjon.no\/en\/wp-json\/wp\/v2\/pages\/701\/revisions\/854"}],"wp:attachment":[{"href":"https:\/\/fotballprogresjon.no\/en\/wp-json\/wp\/v2\/media?parent=701"}],"curies":[{"name":"wp","href":"https:\/\/api.w.org\/{rel}","templated":true}]}}